{"id":19,"date":"2016-04-13T21:08:31","date_gmt":"2016-04-13T21:08:31","guid":{"rendered":"http:\/\/www.utsnitt.no\/?page_id=19"},"modified":"2016-04-22T02:05:26","modified_gmt":"2016-04-22T02:05:26","slug":"norges-4-mest-populaere-kredittkort","status":"publish","type":"page","link":"https:\/\/www.utsnitt.no\/","title":{"rendered":"Norges 4 mest popul\u00e6re kredittkort"},"content":{"rendered":"<p><span style=\"font-weight: 400;\">Der er mange ulike og <\/span><a href=\"http:\/\/www.bestekredittkort.org\"><span style=\"font-weight: 400;\">gode kredittkort<\/span><\/a><span style=\"font-weight: 400;\"> p\u00e5 markedet i dag. Men, er det noen blant disse som er mer popul\u00e6re enn andre? Hvordan en skal avgj\u00f8re hvilket kort, som er det mest popul\u00e6re, det er ikke helt enkelt. Men, ut fra hvor mange kunder de enkelte selskapene har, f\u00e5r vi en liten pekepinn. Og det er ingen tvil om at Entercard er blant de st\u00f8rste med sine 700.000 kunder. Mange av disse har et re:member Mastercard, s\u00e5 dette blir det f\u00f8rste vi skal se litt n\u00e6rmere p\u00e5.<\/span><\/p>\n<h2><b>re:member Mastercard<\/b><\/h2>\n<p><span style=\"font-weight: 400;\">Med dette kortet f\u00e5r du et av de meste popul\u00e6re kredittkortene og samtidig et av dem med st\u00f8rst kredittrammen, bortsett fra <\/span><a href=\"http:\/\/www.dinersclub.no\/privat\/\"><span style=\"font-weight: 400;\">Diners Club<\/span><\/a><span style=\"font-weight: 400;\"> og American Express. Kredittrammen kommer selvsagt an p\u00e5 hvor stor inntekt du har, men en kan f\u00e5 helt opp til kr. 150.000,-. Kortet er gratis \u00e5 f\u00e5 utstedt og det er ingen \u00e5rsavgift eller gebyrer for \u00e5 bruke kortet, uansett om dette er p\u00e5 nettet eller i en butikk. Dette er med p\u00e5 \u00e5 gj\u00f8re kortet sv\u00e6rt ettertraktet. Det eneste gebyret i forbindelse med bruk av kortet, er kr. 35,- for \u00e5 ta ut kontanter + 1% av bel\u00f8pet du tar ut. En f\u00e5r 45 dagers rentefri betalingsutsettelse. Betaler du senere enn dette, eller deler opp betalingen, m\u00e5 du betale en rente p\u00e5 25,4% pr. \u00e5r p\u00e5 det utest\u00e5ende bel\u00f8pet. Men en kan gj\u00f8re renten mindre. Betaler du et \u00e5rsgebyr p\u00e5 kr. 295,-, blir renten satt ned til 21,5% pr. \u00e5r.<\/span><\/p>\n<p><span style=\"font-weight: 400;\">Det er flere fordeler med kortet. Du f\u00e5r med reiseforsikring om du betaler minst 50% av reisens pris med ditt Mastercard. Andre fordeler, er de mange rabatter enn kan f\u00e5 ved \u00e5 bruke kortet som betalingsmiddel. re:member kan tilby rabatt p\u00e5 en lang rekke nettbutikker og vanlige butikker, samt hoteller og spisesteder. Totalt kan en oppn\u00e5 rabatt p\u00e5 mer enn 350 steder. Alle rabattene en oppn\u00e5r p\u00e5 en m\u00e5ned, blir fratrukket p\u00e5 neste m\u00e5neds faktura.<\/span><\/p>\n<h2><b>Flexi Visa<\/b><\/h2>\n<p><span style=\"font-weight: 400;\"><img loading=\"lazy\" decoding=\"async\" class=\"alignleft size-full wp-image-23\" src=\"http:\/\/www.utsnitt.no\/wp-content\/uploads\/2016\/04\/oiud.png\" alt=\"oiud\" width=\"300\" height=\"189\" \/>Dette kredittkortet h\u00f8rer ogs\u00e5 til blant de mest popul\u00e6re. Her kan en f\u00e5 en kredittramme p\u00e5 opptil kr. 100.000,-. Dette er igjen avhengig av inntekten din. \u00a0Kortet er gratis \u00e5 f\u00e5 og gratis \u00e5 bruke. <\/span><span style=\"font-weight: 400;\"><br \/>\n<\/span><span style=\"font-weight: 400;\">Skal du ta ut kontanter med kortet, m\u00e5 du betale et gebyr p\u00e5 kr. 40,- og 1% av bel\u00f8pet du tar ut.<\/span><span style=\"font-weight: 400;\"><br \/>\n<\/span><span style=\"font-weight: 400;\">Du f\u00e5r 50 dagers rentefri betalingsutsettelse og velger du \u00e5 betale senere enn fristen p\u00e5 fakturaen eller dele denne, m\u00e5 du betale en rente p\u00e5 25,33% pr. \u00e5r. N\u00e5r det gjelder fordeler, s\u00e5 er det en rekke rabatter tilknyttet <\/span><a href=\"https:\/\/flexivisa.santanderkredittkort.no\/\"><span style=\"font-weight: 400;\">Flexi Visa<\/span><\/a><span style=\"font-weight: 400;\">. En f\u00e5r blant annet en fast bonus p\u00e5 4%. Dette gjelder p\u00e5 alle varer en kj\u00f8per innen en valgfri kategori. Bonusen en oppn\u00e5r, blir trukket fra saldoen p\u00e5 kortet ditt hver m\u00e5ned. Siden kortet blir utstedt av Santander Bank, blir en ogs\u00e5 automatisk med i fordelsprogrammet kickback. Her kan en handle i en rekke nettbutikker og den rabatten en f\u00e5r, blir tilbakebetalt som en kickback. Rabatten i butikkene vil variere fra 1% til 15%. Noen av butikkene som er med i fordelsprogrammet, er Zalando, Hotels.com, Appelstore og CDON.com.<\/span><\/p>\n<h2><b>Gebyrfri Visa<\/b><\/h2>\n<p><span style=\"font-weight: 400;\">Er kanskje ikke det eldste kortet p\u00e5 markedet, men det har v\u00e6rt p\u00e5 markedet i mer enn 11 \u00e5r.<\/span><span style=\"font-weight: 400;\"><br \/>\n<\/span><span style=\"font-weight: 400;\">Kortet er som navnet sier, 100% gebyrfritt. \u00a0Her er det ingen gebyrer, ikke for \u00e5 f\u00e5 kortet, bruke det eller ta ut penger i minibanken. Kredittrammen kan v\u00e6re p\u00e5 kr. 100.000,-. \u00a0Ogs\u00e5 her f\u00e5r en 50 dages rentefri betalingsutsettelse. Betaler du senere enn dette, m\u00e5 du betale en rente p\u00e5 23,41%.<\/span><span style=\"font-weight: 400;\"><br \/>\n<\/span><span style=\"font-weight: 400;\">En f\u00e5r med reiseforsikring i kortet, mot den vanlige betingelsen at 50% av reisens pris blir betalt med kredittkortet. Noen andre fordeler er det ogs\u00e5. Dette kort kommer fra Santander Bank, og dermed er en tilknyttet fordelsprogrammet kickback. Du kan handle i mer enn 210 ulike nettbutikker og her kan du oppn\u00e5 en rabatt p\u00e5 opp mot 15%. Du kan g\u00e5 inn p\u00e5 nettsiden til Santander Bank og se hvilke butikker som er med i fordelsprogrammet. <\/span><\/p>\n<h2><b>365Direkte Mastercard<\/b><\/h2>\n<p><span style=\"font-weight: 400;\"><img loading=\"lazy\" decoding=\"async\" class=\"alignright size-medium wp-image-24\" src=\"http:\/\/www.utsnitt.no\/wp-content\/uploads\/2016\/04\/MasterCard-Logo-300x212.png\" alt=\"MasterCard-Logo\" width=\"300\" height=\"212\" srcset=\"https:\/\/www.utsnitt.no\/wp-content\/uploads\/2016\/04\/MasterCard-Logo-300x212.png 300w, https:\/\/www.utsnitt.no\/wp-content\/uploads\/2016\/04\/MasterCard-Logo-768x541.png 768w, https:\/\/www.utsnitt.no\/wp-content\/uploads\/2016\/04\/MasterCard-Logo.png 800w\" sizes=\"auto, (max-width: 300px) 100vw, 300px\" \/>Det siste kort i serien om de mest popul\u00e6re kredittkortene i Norge, er 365Direkte. Dette kortet har en maksimal kredittramme p\u00e5 kr. 100.000,-. \u00a0Kortet er gratis \u00e5 f\u00e5 og gratis \u00e5 bruke. Skal du ta ut kontanter, er dette blant de dyreste kortene. Her m\u00e5 du betale kr. 40,- og 2% av bel\u00f8pet du tar ut.<\/span><\/p>\n<p><span style=\"font-weight: 400;\">Men en f\u00e5r 45 dagers rentefri betalingsutsettelse og om du vil utsette en betaling, m\u00e5 du v\u00e6re klar over at rentene begynner \u00e5 l\u00f8pe. Den er p\u00e5 25,53% pr. \u00e5r. Kortet gir deg rabatt p\u00e5 en gunstig reiseforsikring og p\u00e5 str\u00f8mavtale med Ustekjeikja Energi samt en rekke bonuser. \u00a0Blant annet f\u00e5r du 30 \u00f8re i ekstra rabatt p\u00e5 drivstoff hos Esso. En f\u00e5r 3,65% i cashback i alle skobutikker, klesbutikker og 3,65% i rabatt p\u00e5 drivstoff p\u00e5 alle bensinstasjoner. Denne rabatten blir betalt direkte tilbake til kontoen din. Du f\u00e5r ogs\u00e5 mellom 10-25% i rabatt p\u00e5 en rekke nettbutikker og mer enn 300 spisesteder i hele Norge. Se for\u00f8vrig ogs\u00e5 <\/span><a href=\"http:\/\/www.dinekredittkort.com\"><span style=\"font-weight: 400;\">Dinekredittkort.com<\/span><\/a><span style=\"font-weight: 400;\"> for flere popul\u00e6re kredittkort.<\/span><\/p>\n<p>&nbsp;<\/p>\n","protected":false},"excerpt":{"rendered":"<p>Der er mange ulike og gode kredittkort p\u00e5 markedet i dag. Men, er det noen blant disse som er mer popul\u00e6re enn andre? Hvordan en skal avgj\u00f8re hvilket kort, som er det mest popul\u00e6re, det er ikke helt enkelt. Men, ut fra hvor mange kunder de enkelte selskapene har, f\u00e5r vi en liten pekepinn. Og &#8230; <span class=\"more\"><a class=\"more-link\" href=\"https:\/\/www.utsnitt.no\/\">[Read more&#8230;]<\/a><\/span><\/p>\n","protected":false},"author":2,"featured_media":20,"parent":0,"menu_order":0,"comment_status":"closed","ping_status":"closed","template":"","meta":{"footnotes":""},"class_list":{"0":"entry","1":"page","2":"publish","3":"author-marie","4":"post-19","6":"has-post-thumbnail"},"yoast_head":"<!-- This site is optimized with the Yoast SEO plugin v27.4 - https:\/\/yoast.com\/product\/yoast-seo-wordpress\/ -->\n<title>Utsnitt.no - Kredittkort og Forbruksl\u00e5n<\/title>\n<meta name=\"description\" content=\"Utsnitt.no er en norsk nettside om l\u00e5n, kredittkort og forbruksl\u00e5n. Nettsiden oppdateres jevnlig med nye artikler hver m\u00e5ned.\" \/>\n<meta name=\"robots\" content=\"index, follow, max-snippet:-1, max-image-preview:large, max-video-preview:-1\" \/>\n<link rel=\"canonical\" href=\"https:\/\/www.utsnitt.no\/\" \/>\n<meta property=\"og:locale\" content=\"en_US\" \/>\n<meta property=\"og:type\" content=\"article\" \/>\n<meta property=\"og:title\" content=\"Utsnitt.no - Kredittkort og Forbruksl\u00e5n\" \/>\n<meta property=\"og:description\" content=\"Utsnitt.no er en norsk nettside om l\u00e5n, kredittkort og forbruksl\u00e5n. Nettsiden oppdateres jevnlig med nye artikler hver m\u00e5ned.\" \/>\n<meta property=\"og:url\" content=\"https:\/\/www.utsnitt.no\/\" \/>\n<meta property=\"og:site_name\" content=\"Utsnitt.no\" \/>\n<meta property=\"article:modified_time\" content=\"2016-04-22T02:05:26+00:00\" \/>\n<meta property=\"og:image\" content=\"https:\/\/www.utsnitt.no\/wp-content\/uploads\/2016\/04\/best-emv-chip-credit-cards.jpg\" \/>\n\t<meta property=\"og:image:width\" content=\"1500\" \/>\n\t<meta property=\"og:image:height\" content=\"620\" \/>\n\t<meta property=\"og:image:type\" content=\"image\/jpeg\" \/>\n<meta name=\"twitter:card\" content=\"summary_large_image\" \/>\n<meta name=\"twitter:label1\" content=\"Est. reading time\" \/>\n\t<meta name=\"twitter:data1\" content=\"4 minutes\" \/>\n<script type=\"application\/ld+json\" class=\"yoast-schema-graph\">{\"@context\":\"https:\\\/\\\/schema.org\",\"@graph\":[{\"@type\":\"WebPage\",\"@id\":\"https:\\\/\\\/www.utsnitt.no\\\/\",\"url\":\"https:\\\/\\\/www.utsnitt.no\\\/\",\"name\":\"Utsnitt.no - Kredittkort og Forbruksl\u00e5n\",\"isPartOf\":{\"@id\":\"https:\\\/\\\/www.utsnitt.no\\\/#website\"},\"primaryImageOfPage\":{\"@id\":\"https:\\\/\\\/www.utsnitt.no\\\/#primaryimage\"},\"image\":{\"@id\":\"https:\\\/\\\/www.utsnitt.no\\\/#primaryimage\"},\"thumbnailUrl\":\"https:\\\/\\\/www.utsnitt.no\\\/wp-content\\\/uploads\\\/2016\\\/04\\\/best-emv-chip-credit-cards.jpg\",\"datePublished\":\"2016-04-13T21:08:31+00:00\",\"dateModified\":\"2016-04-22T02:05:26+00:00\",\"description\":\"Utsnitt.no er en norsk nettside om l\u00e5n, kredittkort og forbruksl\u00e5n. Nettsiden oppdateres jevnlig med nye artikler hver m\u00e5ned.\",\"breadcrumb\":{\"@id\":\"https:\\\/\\\/www.utsnitt.no\\\/#breadcrumb\"},\"inLanguage\":\"en-US\",\"potentialAction\":[{\"@type\":\"ReadAction\",\"target\":[\"https:\\\/\\\/www.utsnitt.no\\\/\"]}]},{\"@type\":\"ImageObject\",\"inLanguage\":\"en-US\",\"@id\":\"https:\\\/\\\/www.utsnitt.no\\\/#primaryimage\",\"url\":\"https:\\\/\\\/www.utsnitt.no\\\/wp-content\\\/uploads\\\/2016\\\/04\\\/best-emv-chip-credit-cards.jpg\",\"contentUrl\":\"https:\\\/\\\/www.utsnitt.no\\\/wp-content\\\/uploads\\\/2016\\\/04\\\/best-emv-chip-credit-cards.jpg\",\"width\":1500,\"height\":620},{\"@type\":\"BreadcrumbList\",\"@id\":\"https:\\\/\\\/www.utsnitt.no\\\/#breadcrumb\",\"itemListElement\":[{\"@type\":\"ListItem\",\"position\":1,\"name\":\"Home\",\"item\":\"https:\\\/\\\/www.utsnitt.no\\\/\"},{\"@type\":\"ListItem\",\"position\":2,\"name\":\"Norges 4 mest popul\u00e6re kredittkort\"}]},{\"@type\":\"WebSite\",\"@id\":\"https:\\\/\\\/www.utsnitt.no\\\/#website\",\"url\":\"https:\\\/\\\/www.utsnitt.no\\\/\",\"name\":\"Utsnitt.no\",\"description\":\"Finans, kredittkort og &oslash;konomi\",\"potentialAction\":[{\"@type\":\"SearchAction\",\"target\":{\"@type\":\"EntryPoint\",\"urlTemplate\":\"https:\\\/\\\/www.utsnitt.no\\\/?s={search_term_string}\"},\"query-input\":{\"@type\":\"PropertyValueSpecification\",\"valueRequired\":true,\"valueName\":\"search_term_string\"}}],\"inLanguage\":\"en-US\"}]}<\/script>\n<!-- \/ Yoast SEO plugin. -->","yoast_head_json":{"title":"Utsnitt.no - Kredittkort og Forbruksl\u00e5n","description":"Utsnitt.no er en norsk nettside om l\u00e5n, kredittkort og forbruksl\u00e5n. Nettsiden oppdateres jevnlig med nye artikler hver m\u00e5ned.","robots":{"index":"index","follow":"follow","max-snippet":"max-snippet:-1","max-image-preview":"max-image-preview:large","max-video-preview":"max-video-preview:-1"},"canonical":"https:\/\/www.utsnitt.no\/","og_locale":"en_US","og_type":"article","og_title":"Utsnitt.no - Kredittkort og Forbruksl\u00e5n","og_description":"Utsnitt.no er en norsk nettside om l\u00e5n, kredittkort og forbruksl\u00e5n. Nettsiden oppdateres jevnlig med nye artikler hver m\u00e5ned.","og_url":"https:\/\/www.utsnitt.no\/","og_site_name":"Utsnitt.no","article_modified_time":"2016-04-22T02:05:26+00:00","og_image":[{"width":1500,"height":620,"url":"https:\/\/www.utsnitt.no\/wp-content\/uploads\/2016\/04\/best-emv-chip-credit-cards.jpg","type":"image\/jpeg"}],"twitter_card":"summary_large_image","twitter_misc":{"Est. reading time":"4 minutes"},"schema":{"@context":"https:\/\/schema.org","@graph":[{"@type":"WebPage","@id":"https:\/\/www.utsnitt.no\/","url":"https:\/\/www.utsnitt.no\/","name":"Utsnitt.no - Kredittkort og Forbruksl\u00e5n","isPartOf":{"@id":"https:\/\/www.utsnitt.no\/#website"},"primaryImageOfPage":{"@id":"https:\/\/www.utsnitt.no\/#primaryimage"},"image":{"@id":"https:\/\/www.utsnitt.no\/#primaryimage"},"thumbnailUrl":"https:\/\/www.utsnitt.no\/wp-content\/uploads\/2016\/04\/best-emv-chip-credit-cards.jpg","datePublished":"2016-04-13T21:08:31+00:00","dateModified":"2016-04-22T02:05:26+00:00","description":"Utsnitt.no er en norsk nettside om l\u00e5n, kredittkort og forbruksl\u00e5n. Nettsiden oppdateres jevnlig med nye artikler hver m\u00e5ned.","breadcrumb":{"@id":"https:\/\/www.utsnitt.no\/#breadcrumb"},"inLanguage":"en-US","potentialAction":[{"@type":"ReadAction","target":["https:\/\/www.utsnitt.no\/"]}]},{"@type":"ImageObject","inLanguage":"en-US","@id":"https:\/\/www.utsnitt.no\/#primaryimage","url":"https:\/\/www.utsnitt.no\/wp-content\/uploads\/2016\/04\/best-emv-chip-credit-cards.jpg","contentUrl":"https:\/\/www.utsnitt.no\/wp-content\/uploads\/2016\/04\/best-emv-chip-credit-cards.jpg","width":1500,"height":620},{"@type":"BreadcrumbList","@id":"https:\/\/www.utsnitt.no\/#breadcrumb","itemListElement":[{"@type":"ListItem","position":1,"name":"Home","item":"https:\/\/www.utsnitt.no\/"},{"@type":"ListItem","position":2,"name":"Norges 4 mest popul\u00e6re kredittkort"}]},{"@type":"WebSite","@id":"https:\/\/www.utsnitt.no\/#website","url":"https:\/\/www.utsnitt.no\/","name":"Utsnitt.no","description":"Finans, kredittkort og &oslash;konomi","potentialAction":[{"@type":"SearchAction","target":{"@type":"EntryPoint","urlTemplate":"https:\/\/www.utsnitt.no\/?s={search_term_string}"},"query-input":{"@type":"PropertyValueSpecification","valueRequired":true,"valueName":"search_term_string"}}],"inLanguage":"en-US"}]}},"_links":{"self":[{"href":"https:\/\/www.utsnitt.no\/index.php?rest_route=\/wp\/v2\/pages\/19","targetHints":{"allow":["GET"]}}],"collection":[{"href":"https:\/\/www.utsnitt.no\/index.php?rest_route=\/wp\/v2\/pages"}],"about":[{"href":"https:\/\/www.utsnitt.no\/index.php?rest_route=\/wp\/v2\/types\/page"}],"author":[{"embeddable":true,"href":"https:\/\/www.utsnitt.no\/index.php?rest_route=\/wp\/v2\/users\/2"}],"replies":[{"embeddable":true,"href":"https:\/\/www.utsnitt.no\/index.php?rest_route=%2Fwp%2Fv2%2Fcomments&post=19"}],"version-history":[{"count":4,"href":"https:\/\/www.utsnitt.no\/index.php?rest_route=\/wp\/v2\/pages\/19\/revisions"}],"predecessor-version":[{"id":58,"href":"https:\/\/www.utsnitt.no\/index.php?rest_route=\/wp\/v2\/pages\/19\/revisions\/58"}],"wp:featuredmedia":[{"embeddable":true,"href":"https:\/\/www.utsnitt.no\/index.php?rest_route=\/wp\/v2\/media\/20"}],"wp:attachment":[{"href":"https:\/\/www.utsnitt.no\/index.php?rest_route=%2Fwp%2Fv2%2Fmedia&parent=19"}],"curies":[{"name":"wp","href":"https:\/\/api.w.org\/{rel}","templated":true}]}}