{"id":33,"date":"2016-04-13T21:24:01","date_gmt":"2016-04-13T21:24:01","guid":{"rendered":"http:\/\/www.utsnitt.no\/?page_id=33"},"modified":"2016-04-13T21:24:01","modified_gmt":"2016-04-13T21:24:01","slug":"hvordan-lykkes-med-refinansiering","status":"publish","type":"page","link":"https:\/\/www.utsnitt.no\/?page_id=33","title":{"rendered":"Hvordan lykkes med refinansiering"},"content":{"rendered":"<p><span style=\"font-weight: 400;\">Refinansiering er en genial m\u00e5te \u00e5 spare penger p\u00e5, og det er et tilbud som n\u00e6rmest alle banker som tilbyr l\u00e5n og forbruksl\u00e5n har. Det handler rett og slett om at man <\/span><a href=\"http:\/\/www.refinansiere.net\"><span style=\"font-weight: 400;\">refinansierer gammel gjeld<\/span><\/a><span style=\"font-weight: 400;\"> p\u00e5 nytt, ettersom markedets betingelser har forandret seg og konkurransen tilspisset seg. I praksis betyr det at du overf\u00f8rer gjelden din til en ny akt\u00f8r, som har gunstigere betingelser og lavere renter. Men det krever litt av deg for \u00e5 lykkes med refinansiering.<\/span><\/p>\n<h2><span style=\"font-weight: 400;\">Slik begynner du med refinansiering<\/span><\/h2>\n<p><span style=\"font-weight: 400;\">\u00c5 s\u00f8ke om refinansiering tar bare noen minutter, og det gj\u00f8r du enkelt gjennom s\u00f8knadsskjemaer p\u00e5 nettsidene til bankene som tilbyr det. Det som er viktig er at du f\u00f8rst samler deg en oversikt over all gjelden du har. Dersom du har flere sm\u00e5l\u00e5n og kredittkort, s\u00e5 kan det v\u00e6re vanskelig \u00e5 f\u00e5 oversikten, og da kan du g\u00e5 glipp av enkelte summer som burde v\u00e6rt refinansiert.<\/span><\/p>\n<p><span style=\"font-weight: 400;\">N\u00e5r du har f\u00e5tt en oversikt over hvor mye du skylder til de ulike kreditorene, s\u00e5 sitter du igjen med \u00e9n enkelt sum. Det er denne summen du skal s\u00f8ke om \u00e5 f\u00e5 refinansiert hos en ny og bedre bank. Du tar alts\u00e5 opp et helt nytt l\u00e5n p\u00e5 tilsvarende sum som du hadde i gjeld fra f\u00f8r av, og bruker hele summen p\u00e5 \u00e5 betale ned den gamle gjelden.<\/span><\/p>\n<p><span style=\"font-weight: 400;\">Dette gj\u00f8r at du fremover kun har \u00e9n kreditor \u00e5 forholde deg til, og slipper mangedobbelt opp med gebyrer og h\u00f8yt renteniv\u00e5. S\u00f8k gjerne om refinansiering hos flere banker samtidig, slik at du kan vurdere de ulike tilbudene opp mot hverandre.<\/span><\/p>\n<h2><span style=\"font-weight: 400;\">Viktig \u00e5 tenke p\u00e5<\/span><\/h2>\n<p><span style=\"font-weight: 400;\"><img loading=\"lazy\" decoding=\"async\" class=\"alignright size-medium wp-image-35\" src=\"http:\/\/www.utsnitt.no\/wp-content\/uploads\/2016\/04\/Idee_Gluehbirne-300x300.jpg\" alt=\"Idee_Gluehbirne\" width=\"300\" height=\"300\" srcset=\"https:\/\/www.utsnitt.no\/wp-content\/uploads\/2016\/04\/Idee_Gluehbirne-300x300.jpg 300w, https:\/\/www.utsnitt.no\/wp-content\/uploads\/2016\/04\/Idee_Gluehbirne-150x150.jpg 150w, https:\/\/www.utsnitt.no\/wp-content\/uploads\/2016\/04\/Idee_Gluehbirne-768x768.jpg 768w, https:\/\/www.utsnitt.no\/wp-content\/uploads\/2016\/04\/Idee_Gluehbirne-1024x1024.jpg 1024w, https:\/\/www.utsnitt.no\/wp-content\/uploads\/2016\/04\/Idee_Gluehbirne.jpg 1535w\" sizes=\"auto, (max-width: 300px) 100vw, 300px\" \/>For \u00e5 lykkes med refinansiering er det viktig at du bruker de pengene du sparer p\u00e5 refinansieringen p\u00e5 en fornuftig m\u00e5te. For potensielt s\u00e5 kan man spare halvparten av kostnadene p\u00e5 \u00e5 refinansiere, slik at de m\u00e5nedlige bel\u00f8pene blir halverte. Hva gj\u00f8r man s\u00e5 med pengene man sparer? Bruker de man p\u00e5 tull og forbruk, eller spytter man de i avdrag?<\/span><\/p>\n<p><span style=\"font-weight: 400;\">Vi anbefaler helt klart sistnevnte. Sparer du 500 kroner i m\u00e5neden p\u00e5 renter og gebyrer etter \u00e5 ha refinansiert, s\u00e5 b\u00f8r du sette hele summen p\u00e5 avdrag p\u00e5 gjelden. Dette vil utgj\u00f8re 6000 kroner hvert eneste \u00e5r, og kanskje gj\u00f8re at du blir gjeldfri 1-2 \u00e5r f\u00f8r tiden. Og det er det vel verdt? Med mindre man hadde store betalingsproblemer fra f\u00f8r av, s\u00e5 er dette absolutt den beste m\u00e5ten \u00e5 disponere de \u00abekstra pengene\u00bb p\u00e5.<\/span><\/p>\n<h2><span style=\"font-weight: 400;\">B\u00f8r du refinansiere p\u00e5 ny?<\/span><\/h2>\n<p><span style=\"font-weight: 400;\">Selv om man har refinansiert \u00e9n gang, s\u00e5 er det ingenting i veien for \u00e5 gj\u00f8re det flere ganger p\u00e5 f\u00e5 \u00e5r. Dette fordi markedet forandrer seg stadig og nye akt\u00f8rer dukker opp med nye tilbud. Kanskje fikk du en bra rente n\u00e5r du refinansierte for to \u00e5r siden, samtidig som du har muligheten til \u00e5 f\u00e5 2-3 prosentpoeng lavere i dag. Dette har ogs\u00e5 med din egen <\/span><a href=\"http:\/\/www.dinside.no\/okonomi\/\"><span style=\"font-weight: 400;\">\u00f8konomi<\/span><\/a><span style=\"font-weight: 400;\"> \u00e5 gj\u00f8re, s\u00e5 her gjelder det \u00e5 jevnlig sende inn en s\u00f8knad om refinansiering for \u00e5 se hvor \u00ablandet ligger\u00bb.<\/span><\/p>\n","protected":false},"excerpt":{"rendered":"<p>Refinansiering er en genial m\u00e5te \u00e5 spare penger p\u00e5, og det er et tilbud som n\u00e6rmest alle banker som tilbyr l\u00e5n og forbruksl\u00e5n har. Det handler rett og slett om at man refinansierer gammel gjeld p\u00e5 nytt, ettersom markedets betingelser har forandret seg og konkurransen tilspisset seg. I praksis betyr det at du overf\u00f8rer gjelden &#8230; <span class=\"more\"><a class=\"more-link\" href=\"https:\/\/www.utsnitt.no\/?page_id=33\">[Read more&#8230;]<\/a><\/span><\/p>\n","protected":false},"author":2,"featured_media":34,"parent":0,"menu_order":0,"comment_status":"closed","ping_status":"closed","template":"","meta":{"footnotes":""},"class_list":{"0":"entry","1":"page","2":"publish","3":"author-marie","4":"post-33","6":"has-post-thumbnail"},"yoast_head":"<!-- This site is optimized with the Yoast SEO plugin v27.4 - https:\/\/yoast.com\/product\/yoast-seo-wordpress\/ -->\n<title>Hvordan lykkes med refinansiering - Utsnitt.no<\/title>\n<meta name=\"robots\" content=\"index, follow, max-snippet:-1, max-image-preview:large, max-video-preview:-1\" \/>\n<link rel=\"canonical\" href=\"https:\/\/www.utsnitt.no\/?page_id=33\" \/>\n<meta property=\"og:locale\" content=\"en_US\" \/>\n<meta property=\"og:type\" content=\"article\" \/>\n<meta property=\"og:title\" content=\"Hvordan lykkes med refinansiering - Utsnitt.no\" \/>\n<meta property=\"og:description\" content=\"Refinansiering er en genial m\u00e5te \u00e5 spare penger p\u00e5, og det er et tilbud som n\u00e6rmest alle banker som tilbyr l\u00e5n og forbruksl\u00e5n har. Det handler rett og slett om at man refinansierer gammel gjeld p\u00e5 nytt, ettersom markedets betingelser har forandret seg og konkurransen tilspisset seg. I praksis betyr det at du overf\u00f8rer gjelden ... [Read more...]\" \/>\n<meta property=\"og:url\" content=\"https:\/\/www.utsnitt.no\/?page_id=33\" \/>\n<meta property=\"og:site_name\" content=\"Utsnitt.no\" \/>\n<meta property=\"og:image\" content=\"https:\/\/www.utsnitt.no\/wp-content\/uploads\/2016\/04\/3_immobilienrettung_zwangsversteigerung_umschuldung1.jpg\" \/>\n\t<meta property=\"og:image:width\" content=\"1600\" \/>\n\t<meta property=\"og:image:height\" content=\"500\" \/>\n\t<meta property=\"og:image:type\" content=\"image\/jpeg\" \/>\n<meta name=\"twitter:card\" content=\"summary_large_image\" \/>\n<meta name=\"twitter:label1\" content=\"Est. reading time\" \/>\n\t<meta name=\"twitter:data1\" content=\"3 minutes\" \/>\n<script type=\"application\/ld+json\" class=\"yoast-schema-graph\">{\"@context\":\"https:\\\/\\\/schema.org\",\"@graph\":[{\"@type\":\"WebPage\",\"@id\":\"https:\\\/\\\/www.utsnitt.no\\\/?page_id=33\",\"url\":\"https:\\\/\\\/www.utsnitt.no\\\/?page_id=33\",\"name\":\"Hvordan lykkes med refinansiering - Utsnitt.no\",\"isPartOf\":{\"@id\":\"https:\\\/\\\/www.utsnitt.no\\\/#website\"},\"primaryImageOfPage\":{\"@id\":\"https:\\\/\\\/www.utsnitt.no\\\/?page_id=33#primaryimage\"},\"image\":{\"@id\":\"https:\\\/\\\/www.utsnitt.no\\\/?page_id=33#primaryimage\"},\"thumbnailUrl\":\"https:\\\/\\\/www.utsnitt.no\\\/wp-content\\\/uploads\\\/2016\\\/04\\\/3_immobilienrettung_zwangsversteigerung_umschuldung1.jpg\",\"datePublished\":\"2016-04-13T21:24:01+00:00\",\"breadcrumb\":{\"@id\":\"https:\\\/\\\/www.utsnitt.no\\\/?page_id=33#breadcrumb\"},\"inLanguage\":\"en-US\",\"potentialAction\":[{\"@type\":\"ReadAction\",\"target\":[\"https:\\\/\\\/www.utsnitt.no\\\/?page_id=33\"]}]},{\"@type\":\"ImageObject\",\"inLanguage\":\"en-US\",\"@id\":\"https:\\\/\\\/www.utsnitt.no\\\/?page_id=33#primaryimage\",\"url\":\"https:\\\/\\\/www.utsnitt.no\\\/wp-content\\\/uploads\\\/2016\\\/04\\\/3_immobilienrettung_zwangsversteigerung_umschuldung1.jpg\",\"contentUrl\":\"https:\\\/\\\/www.utsnitt.no\\\/wp-content\\\/uploads\\\/2016\\\/04\\\/3_immobilienrettung_zwangsversteigerung_umschuldung1.jpg\",\"width\":1600,\"height\":500},{\"@type\":\"BreadcrumbList\",\"@id\":\"https:\\\/\\\/www.utsnitt.no\\\/?page_id=33#breadcrumb\",\"itemListElement\":[{\"@type\":\"ListItem\",\"position\":1,\"name\":\"Home\",\"item\":\"https:\\\/\\\/www.utsnitt.no\\\/\"},{\"@type\":\"ListItem\",\"position\":2,\"name\":\"Hvordan lykkes med refinansiering\"}]},{\"@type\":\"WebSite\",\"@id\":\"https:\\\/\\\/www.utsnitt.no\\\/#website\",\"url\":\"https:\\\/\\\/www.utsnitt.no\\\/\",\"name\":\"Utsnitt.no\",\"description\":\"Finans, kredittkort og &oslash;konomi\",\"potentialAction\":[{\"@type\":\"SearchAction\",\"target\":{\"@type\":\"EntryPoint\",\"urlTemplate\":\"https:\\\/\\\/www.utsnitt.no\\\/?s={search_term_string}\"},\"query-input\":{\"@type\":\"PropertyValueSpecification\",\"valueRequired\":true,\"valueName\":\"search_term_string\"}}],\"inLanguage\":\"en-US\"}]}<\/script>\n<!-- \/ Yoast SEO plugin. -->","yoast_head_json":{"title":"Hvordan lykkes med refinansiering - Utsnitt.no","robots":{"index":"index","follow":"follow","max-snippet":"max-snippet:-1","max-image-preview":"max-image-preview:large","max-video-preview":"max-video-preview:-1"},"canonical":"https:\/\/www.utsnitt.no\/?page_id=33","og_locale":"en_US","og_type":"article","og_title":"Hvordan lykkes med refinansiering - Utsnitt.no","og_description":"Refinansiering er en genial m\u00e5te \u00e5 spare penger p\u00e5, og det er et tilbud som n\u00e6rmest alle banker som tilbyr l\u00e5n og forbruksl\u00e5n har. Det handler rett og slett om at man refinansierer gammel gjeld p\u00e5 nytt, ettersom markedets betingelser har forandret seg og konkurransen tilspisset seg. I praksis betyr det at du overf\u00f8rer gjelden ... [Read more...]","og_url":"https:\/\/www.utsnitt.no\/?page_id=33","og_site_name":"Utsnitt.no","og_image":[{"width":1600,"height":500,"url":"https:\/\/www.utsnitt.no\/wp-content\/uploads\/2016\/04\/3_immobilienrettung_zwangsversteigerung_umschuldung1.jpg","type":"image\/jpeg"}],"twitter_card":"summary_large_image","twitter_misc":{"Est. reading time":"3 minutes"},"schema":{"@context":"https:\/\/schema.org","@graph":[{"@type":"WebPage","@id":"https:\/\/www.utsnitt.no\/?page_id=33","url":"https:\/\/www.utsnitt.no\/?page_id=33","name":"Hvordan lykkes med refinansiering - Utsnitt.no","isPartOf":{"@id":"https:\/\/www.utsnitt.no\/#website"},"primaryImageOfPage":{"@id":"https:\/\/www.utsnitt.no\/?page_id=33#primaryimage"},"image":{"@id":"https:\/\/www.utsnitt.no\/?page_id=33#primaryimage"},"thumbnailUrl":"https:\/\/www.utsnitt.no\/wp-content\/uploads\/2016\/04\/3_immobilienrettung_zwangsversteigerung_umschuldung1.jpg","datePublished":"2016-04-13T21:24:01+00:00","breadcrumb":{"@id":"https:\/\/www.utsnitt.no\/?page_id=33#breadcrumb"},"inLanguage":"en-US","potentialAction":[{"@type":"ReadAction","target":["https:\/\/www.utsnitt.no\/?page_id=33"]}]},{"@type":"ImageObject","inLanguage":"en-US","@id":"https:\/\/www.utsnitt.no\/?page_id=33#primaryimage","url":"https:\/\/www.utsnitt.no\/wp-content\/uploads\/2016\/04\/3_immobilienrettung_zwangsversteigerung_umschuldung1.jpg","contentUrl":"https:\/\/www.utsnitt.no\/wp-content\/uploads\/2016\/04\/3_immobilienrettung_zwangsversteigerung_umschuldung1.jpg","width":1600,"height":500},{"@type":"BreadcrumbList","@id":"https:\/\/www.utsnitt.no\/?page_id=33#breadcrumb","itemListElement":[{"@type":"ListItem","position":1,"name":"Home","item":"https:\/\/www.utsnitt.no\/"},{"@type":"ListItem","position":2,"name":"Hvordan lykkes med refinansiering"}]},{"@type":"WebSite","@id":"https:\/\/www.utsnitt.no\/#website","url":"https:\/\/www.utsnitt.no\/","name":"Utsnitt.no","description":"Finans, kredittkort og &oslash;konomi","potentialAction":[{"@type":"SearchAction","target":{"@type":"EntryPoint","urlTemplate":"https:\/\/www.utsnitt.no\/?s={search_term_string}"},"query-input":{"@type":"PropertyValueSpecification","valueRequired":true,"valueName":"search_term_string"}}],"inLanguage":"en-US"}]}},"_links":{"self":[{"href":"https:\/\/www.utsnitt.no\/index.php?rest_route=\/wp\/v2\/pages\/33","targetHints":{"allow":["GET"]}}],"collection":[{"href":"https:\/\/www.utsnitt.no\/index.php?rest_route=\/wp\/v2\/pages"}],"about":[{"href":"https:\/\/www.utsnitt.no\/index.php?rest_route=\/wp\/v2\/types\/page"}],"author":[{"embeddable":true,"href":"https:\/\/www.utsnitt.no\/index.php?rest_route=\/wp\/v2\/users\/2"}],"replies":[{"embeddable":true,"href":"https:\/\/www.utsnitt.no\/index.php?rest_route=%2Fwp%2Fv2%2Fcomments&post=33"}],"version-history":[{"count":2,"href":"https:\/\/www.utsnitt.no\/index.php?rest_route=\/wp\/v2\/pages\/33\/revisions"}],"predecessor-version":[{"id":37,"href":"https:\/\/www.utsnitt.no\/index.php?rest_route=\/wp\/v2\/pages\/33\/revisions\/37"}],"wp:featuredmedia":[{"embeddable":true,"href":"https:\/\/www.utsnitt.no\/index.php?rest_route=\/wp\/v2\/media\/34"}],"wp:attachment":[{"href":"https:\/\/www.utsnitt.no\/index.php?rest_route=%2Fwp%2Fv2%2Fmedia&parent=33"}],"curies":[{"name":"wp","href":"https:\/\/api.w.org\/{rel}","templated":true}]}}