{"id":38,"date":"2016-04-13T21:27:01","date_gmt":"2016-04-13T21:27:01","guid":{"rendered":"http:\/\/www.utsnitt.no\/?page_id=38"},"modified":"2016-04-13T21:27:01","modified_gmt":"2016-04-13T21:27:01","slug":"ikano-visa","status":"publish","type":"page","link":"https:\/\/www.utsnitt.no\/?page_id=38","title":{"rendered":"Ikano Visa"},"content":{"rendered":"<p><span style=\"font-weight: 400;\">Det kan v\u00e6re mange grunner til at en trenger et Ikano Visa kredittkort. De vanligste fordelene er \u00e5 ha mulighet for \u00e5 kj\u00f8pe de ting en \u00f8nsker seg, uten \u00e5 m\u00e5tte t\u00f8mme kontoen i banken. Det \u00e5 kunne utsette betalingen en stund, er en stor fordel, spesielt i de m\u00e5neder hvor en kanskje har mange andre utgifter \u00e5 tenke p\u00e5. P\u00e5 reise eller ferie er det ofte veldig praktisk med et Visakort.<\/span><\/p>\n<h2><b>Et kort litt utenom det vanlige.<\/b><\/h2>\n<p><span style=\"font-weight: 400;\">Hos <\/span><a href=\"http:\/\/ikanovisa.no\/\"><span style=\"font-weight: 400;\">Ikano Visa<\/span><\/a><span style=\"font-weight: 400;\">, f\u00e5r du en rekke fordeler. Mange av disse fordelene blir du helt sikkert ogs\u00e5 tilbudt hos flere av de konkurrerende selskaper. Det kan v\u00e6re ting som at det ikke medf\u00f8lger noen \u00e5rsavgift, ingen eFakturagebyr og at reiseforsikring er en del av kortet. S\u00e5 kommer de mer spesielle fordelene, som gj\u00f8r at dette kortet skiller seg ut fra de andre p\u00e5 markedet. Disse fordelene ligger i fordelsprogrammet. <\/span><\/p>\n<p><span style=\"font-weight: 400;\">Fordelsprogrammet er inndelt i tre ulike enheter. Du f\u00e5r en rekke faste rabatter ved bruk av kortet. Du har tilgang til en rabattkalender, hvor det kommer nye og ulike rabatter hver m\u00e5ned. Og sist, men ikke minst, f\u00e5r du med Ikano Visa, tilgang til fordelsportalen deres. Her kan du f\u00e5 oversikt over rabattene dine og andre rabatter som du kan f\u00e5 ved bruk av kortet.<\/span><\/p>\n<p><span style=\"font-weight: 400;\">En annen spennende sak er at de tillater at du utsetter betalingen i opptil ni m\u00e5neder, dersom du foretar et kj\u00f8p p\u00e5 mer enn 2 500 kr.<\/span><\/p>\n<h2><b>Gode og spennende rabatter i fordelsprogrammet<\/b><\/h2>\n<p><iframe loading=\"lazy\" src=\"https:\/\/www.youtube.com\/embed\/zx1DHX54JUE?rel=0&amp;showinfo=0\" width=\"750\" height=\"422\" frameborder=\"0\" allowfullscreen=\"allowfullscreen\"><\/iframe><br \/>\n<span style=\"font-weight: 400;\">Ikano \u00f8nsker \u00e5 bel\u00f8nne deg hver gang du handler med kortet. Denne bel\u00f8nningen kommer i form av ulike rabatter<\/span><span style=\"font-weight: 400;\"><br \/>\n<\/span><span style=\"font-weight: 400;\"><br \/>\n<\/span><span style=\"font-weight: 400;\">&#8211; P\u00e5 alle bensinstasjoner i Norge og utlandet, f\u00e5r du 1% i rabatt n\u00e5r du bruker ditt Ikano Visakort.<\/span><span style=\"font-weight: 400;\"><br \/>\n<\/span><span style=\"font-weight: 400;\">&#8211; Handler du dagligvarer i butikken, f\u00e5r du 1% i rabatt ved bruk av kortet.<\/span><span style=\"font-weight: 400;\"><br \/>\n<\/span><span style=\"font-weight: 400;\">&#8211; Hos Shell f\u00e5r du 2% rabatt n\u00e5r du tanker eller handler p\u00e5 en av deres stasjoner. \u00a0<\/span><b><br \/>\n<\/b><b>&#8211; <\/b><span style=\"font-weight: 400;\">10% i rabatt om du leier bil hos rentalcars.com<\/span><span style=\"font-weight: 400;\"><br \/>\n<\/span><span style=\"font-weight: 400;\"><br \/>\n<\/span><span style=\"font-weight: 400;\">I rabattkalenderen vil du hver m\u00e5ned f\u00e5 nye rabatter, som kan oppn\u00e5s ved bruk av kortet. Den ene m\u00e5neden kan det v\u00e6re en rabatt p\u00e5 7% ved kj\u00f8p av sportsutstyr. Den neste m\u00e5ned f\u00e5r du 6% rabatt p\u00e5 alt til bilen. Dette gjelder uansett om det er skift av dekk, en ny tilhenger eller annet. Eneste krav som stilles, er at butikken du handler i, tar imot betaling med Visa kredittkort. Se <\/span><a href=\"http:\/\/www.mittkredittkort.net\/\"><span style=\"font-weight: 400;\">mittkredittkort.net<\/span><\/a><span style=\"font-weight: 400;\"> for flere kort med rabatter.<\/span><\/p>\n<h2><b>Spesifikke krav til deg som s\u00f8ker<\/b><\/h2>\n<p><span style=\"font-weight: 400;\">Ikano Visa er et tilbud fra Ikano Gruppen, som eies av den kjente svenske familien Kamprad. For \u00e5 kunne s\u00f8ke om kortet m\u00e5 du ha fylt 23 \u00e5r, ha stabil inntekt og ingen betalingsanmerkninger. I tillegg til fordelene nevnt ovenfor, f\u00e5r du ogs\u00e5 50 dagers rentefritak ved bruk av kortet. Svar p\u00e5 s\u00f8knaden kommer innen veldig kort tid, og kan du signere med BankID er kortet snart klart til bruk.<\/span><\/p>\n","protected":false},"excerpt":{"rendered":"<p>Det kan v\u00e6re mange grunner til at en trenger et Ikano Visa kredittkort. De vanligste fordelene er \u00e5 ha mulighet for \u00e5 kj\u00f8pe de ting en \u00f8nsker seg, uten \u00e5 m\u00e5tte t\u00f8mme kontoen i banken. Det \u00e5 kunne utsette betalingen en stund, er en stor fordel, spesielt i de m\u00e5neder hvor en kanskje har mange &#8230; <span class=\"more\"><a class=\"more-link\" href=\"https:\/\/www.utsnitt.no\/?page_id=38\">[Read more&#8230;]<\/a><\/span><\/p>\n","protected":false},"author":2,"featured_media":39,"parent":0,"menu_order":0,"comment_status":"closed","ping_status":"closed","template":"","meta":{"footnotes":""},"class_list":{"0":"entry","1":"page","2":"publish","3":"author-marie","4":"post-38","6":"has-post-thumbnail"},"yoast_head":"<!-- This site is optimized with the Yoast SEO plugin v27.4 - https:\/\/yoast.com\/product\/yoast-seo-wordpress\/ -->\n<title>Ikano Visa - Utsnitt.no<\/title>\n<meta name=\"robots\" content=\"index, follow, max-snippet:-1, max-image-preview:large, max-video-preview:-1\" \/>\n<link rel=\"canonical\" href=\"https:\/\/www.utsnitt.no\/?page_id=38\" \/>\n<meta property=\"og:locale\" content=\"en_US\" \/>\n<meta property=\"og:type\" content=\"article\" \/>\n<meta property=\"og:title\" content=\"Ikano Visa - Utsnitt.no\" \/>\n<meta property=\"og:description\" content=\"Det kan v\u00e6re mange grunner til at en trenger et Ikano Visa kredittkort. De vanligste fordelene er \u00e5 ha mulighet for \u00e5 kj\u00f8pe de ting en \u00f8nsker seg, uten \u00e5 m\u00e5tte t\u00f8mme kontoen i banken. Det \u00e5 kunne utsette betalingen en stund, er en stor fordel, spesielt i de m\u00e5neder hvor en kanskje har mange ... [Read more...]\" \/>\n<meta property=\"og:url\" content=\"https:\/\/www.utsnitt.no\/?page_id=38\" \/>\n<meta property=\"og:site_name\" content=\"Utsnitt.no\" \/>\n<meta property=\"og:image\" content=\"https:\/\/www.utsnitt.no\/wp-content\/uploads\/2016\/04\/image.jpg\" \/>\n\t<meta property=\"og:image:width\" content=\"1200\" \/>\n\t<meta property=\"og:image:height\" content=\"575\" \/>\n\t<meta property=\"og:image:type\" content=\"image\/jpeg\" \/>\n<meta name=\"twitter:card\" content=\"summary_large_image\" \/>\n<meta name=\"twitter:label1\" content=\"Est. reading time\" \/>\n\t<meta name=\"twitter:data1\" content=\"2 minutes\" \/>\n<script type=\"application\/ld+json\" class=\"yoast-schema-graph\">{\"@context\":\"https:\\\/\\\/schema.org\",\"@graph\":[{\"@type\":\"WebPage\",\"@id\":\"https:\\\/\\\/www.utsnitt.no\\\/?page_id=38\",\"url\":\"https:\\\/\\\/www.utsnitt.no\\\/?page_id=38\",\"name\":\"Ikano Visa - Utsnitt.no\",\"isPartOf\":{\"@id\":\"https:\\\/\\\/www.utsnitt.no\\\/#website\"},\"primaryImageOfPage\":{\"@id\":\"https:\\\/\\\/www.utsnitt.no\\\/?page_id=38#primaryimage\"},\"image\":{\"@id\":\"https:\\\/\\\/www.utsnitt.no\\\/?page_id=38#primaryimage\"},\"thumbnailUrl\":\"https:\\\/\\\/www.utsnitt.no\\\/wp-content\\\/uploads\\\/2016\\\/04\\\/image.jpg\",\"datePublished\":\"2016-04-13T21:27:01+00:00\",\"breadcrumb\":{\"@id\":\"https:\\\/\\\/www.utsnitt.no\\\/?page_id=38#breadcrumb\"},\"inLanguage\":\"en-US\",\"potentialAction\":[{\"@type\":\"ReadAction\",\"target\":[\"https:\\\/\\\/www.utsnitt.no\\\/?page_id=38\"]}]},{\"@type\":\"ImageObject\",\"inLanguage\":\"en-US\",\"@id\":\"https:\\\/\\\/www.utsnitt.no\\\/?page_id=38#primaryimage\",\"url\":\"https:\\\/\\\/www.utsnitt.no\\\/wp-content\\\/uploads\\\/2016\\\/04\\\/image.jpg\",\"contentUrl\":\"https:\\\/\\\/www.utsnitt.no\\\/wp-content\\\/uploads\\\/2016\\\/04\\\/image.jpg\",\"width\":1200,\"height\":575},{\"@type\":\"BreadcrumbList\",\"@id\":\"https:\\\/\\\/www.utsnitt.no\\\/?page_id=38#breadcrumb\",\"itemListElement\":[{\"@type\":\"ListItem\",\"position\":1,\"name\":\"Home\",\"item\":\"https:\\\/\\\/www.utsnitt.no\\\/\"},{\"@type\":\"ListItem\",\"position\":2,\"name\":\"Ikano Visa\"}]},{\"@type\":\"WebSite\",\"@id\":\"https:\\\/\\\/www.utsnitt.no\\\/#website\",\"url\":\"https:\\\/\\\/www.utsnitt.no\\\/\",\"name\":\"Utsnitt.no\",\"description\":\"Finans, kredittkort og &oslash;konomi\",\"potentialAction\":[{\"@type\":\"SearchAction\",\"target\":{\"@type\":\"EntryPoint\",\"urlTemplate\":\"https:\\\/\\\/www.utsnitt.no\\\/?s={search_term_string}\"},\"query-input\":{\"@type\":\"PropertyValueSpecification\",\"valueRequired\":true,\"valueName\":\"search_term_string\"}}],\"inLanguage\":\"en-US\"}]}<\/script>\n<!-- \/ Yoast SEO plugin. -->","yoast_head_json":{"title":"Ikano Visa - Utsnitt.no","robots":{"index":"index","follow":"follow","max-snippet":"max-snippet:-1","max-image-preview":"max-image-preview:large","max-video-preview":"max-video-preview:-1"},"canonical":"https:\/\/www.utsnitt.no\/?page_id=38","og_locale":"en_US","og_type":"article","og_title":"Ikano Visa - Utsnitt.no","og_description":"Det kan v\u00e6re mange grunner til at en trenger et Ikano Visa kredittkort. De vanligste fordelene er \u00e5 ha mulighet for \u00e5 kj\u00f8pe de ting en \u00f8nsker seg, uten \u00e5 m\u00e5tte t\u00f8mme kontoen i banken. Det \u00e5 kunne utsette betalingen en stund, er en stor fordel, spesielt i de m\u00e5neder hvor en kanskje har mange ... [Read more...]","og_url":"https:\/\/www.utsnitt.no\/?page_id=38","og_site_name":"Utsnitt.no","og_image":[{"width":1200,"height":575,"url":"https:\/\/www.utsnitt.no\/wp-content\/uploads\/2016\/04\/image.jpg","type":"image\/jpeg"}],"twitter_card":"summary_large_image","twitter_misc":{"Est. reading time":"2 minutes"},"schema":{"@context":"https:\/\/schema.org","@graph":[{"@type":"WebPage","@id":"https:\/\/www.utsnitt.no\/?page_id=38","url":"https:\/\/www.utsnitt.no\/?page_id=38","name":"Ikano Visa - Utsnitt.no","isPartOf":{"@id":"https:\/\/www.utsnitt.no\/#website"},"primaryImageOfPage":{"@id":"https:\/\/www.utsnitt.no\/?page_id=38#primaryimage"},"image":{"@id":"https:\/\/www.utsnitt.no\/?page_id=38#primaryimage"},"thumbnailUrl":"https:\/\/www.utsnitt.no\/wp-content\/uploads\/2016\/04\/image.jpg","datePublished":"2016-04-13T21:27:01+00:00","breadcrumb":{"@id":"https:\/\/www.utsnitt.no\/?page_id=38#breadcrumb"},"inLanguage":"en-US","potentialAction":[{"@type":"ReadAction","target":["https:\/\/www.utsnitt.no\/?page_id=38"]}]},{"@type":"ImageObject","inLanguage":"en-US","@id":"https:\/\/www.utsnitt.no\/?page_id=38#primaryimage","url":"https:\/\/www.utsnitt.no\/wp-content\/uploads\/2016\/04\/image.jpg","contentUrl":"https:\/\/www.utsnitt.no\/wp-content\/uploads\/2016\/04\/image.jpg","width":1200,"height":575},{"@type":"BreadcrumbList","@id":"https:\/\/www.utsnitt.no\/?page_id=38#breadcrumb","itemListElement":[{"@type":"ListItem","position":1,"name":"Home","item":"https:\/\/www.utsnitt.no\/"},{"@type":"ListItem","position":2,"name":"Ikano Visa"}]},{"@type":"WebSite","@id":"https:\/\/www.utsnitt.no\/#website","url":"https:\/\/www.utsnitt.no\/","name":"Utsnitt.no","description":"Finans, kredittkort og &oslash;konomi","potentialAction":[{"@type":"SearchAction","target":{"@type":"EntryPoint","urlTemplate":"https:\/\/www.utsnitt.no\/?s={search_term_string}"},"query-input":{"@type":"PropertyValueSpecification","valueRequired":true,"valueName":"search_term_string"}}],"inLanguage":"en-US"}]}},"_links":{"self":[{"href":"https:\/\/www.utsnitt.no\/index.php?rest_route=\/wp\/v2\/pages\/38","targetHints":{"allow":["GET"]}}],"collection":[{"href":"https:\/\/www.utsnitt.no\/index.php?rest_route=\/wp\/v2\/pages"}],"about":[{"href":"https:\/\/www.utsnitt.no\/index.php?rest_route=\/wp\/v2\/types\/page"}],"author":[{"embeddable":true,"href":"https:\/\/www.utsnitt.no\/index.php?rest_route=\/wp\/v2\/users\/2"}],"replies":[{"embeddable":true,"href":"https:\/\/www.utsnitt.no\/index.php?rest_route=%2Fwp%2Fv2%2Fcomments&post=38"}],"version-history":[{"count":2,"href":"https:\/\/www.utsnitt.no\/index.php?rest_route=\/wp\/v2\/pages\/38\/revisions"}],"predecessor-version":[{"id":41,"href":"https:\/\/www.utsnitt.no\/index.php?rest_route=\/wp\/v2\/pages\/38\/revisions\/41"}],"wp:featuredmedia":[{"embeddable":true,"href":"https:\/\/www.utsnitt.no\/index.php?rest_route=\/wp\/v2\/media\/39"}],"wp:attachment":[{"href":"https:\/\/www.utsnitt.no\/index.php?rest_route=%2Fwp%2Fv2%2Fmedia&parent=38"}],"curies":[{"name":"wp","href":"https:\/\/api.w.org\/{rel}","templated":true}]}}