{"id":42,"date":"2016-04-13T21:32:32","date_gmt":"2016-04-13T21:32:32","guid":{"rendered":"http:\/\/www.utsnitt.no\/?page_id=42"},"modified":"2016-04-13T21:34:24","modified_gmt":"2016-04-13T21:34:24","slug":"unnga-kredittkortsvindel","status":"publish","type":"page","link":"https:\/\/www.utsnitt.no\/?page_id=42","title":{"rendered":"Unng\u00e5 kredittkortsvindel"},"content":{"rendered":"<p><span style=\"font-weight: 400;\">Det er mange i dag som nyter godt av \u00e5 ha et eller kanskje flere kredittkort. Dette gj\u00f8r ting litt enklere, n\u00e5r en skal handle i en nettbutikk eller er p\u00e5 ferie i utlandet. Det er mange fordeler med \u00e5 ha et kredittkort. Men det er dessverre ogs\u00e5 noen ulemper. Utover ulempen med \u00e5 m\u00e5tte betale en del renter og gebyrer, hvis en ikke passer seg, s\u00e5 er det ogs\u00e5 en mulighet for \u00e5 bli svindlet. Derfor er det viktig \u00e5 v\u00e6re oppmerksom n\u00e5r en bruker kredittkortet, spesielt i utlandet. <\/span><span style=\"font-weight: 400;\"><br \/>\n<\/span><span style=\"font-weight: 400;\">Vi vil her komme med noen tips og r\u00e5d, til hva du kan gj\u00f8re for \u00e5 unng\u00e5 kredittkortsvindel.<\/span><\/p>\n<ul>\n<li style=\"font-weight: 400;\"><span style=\"font-weight: 400;\">Aldri gi ut koden din til noen andre. Aldri!<\/span><\/li>\n<li style=\"font-weight: 400;\"><span style=\"font-weight: 400;\">Mange f\u00e5r i dag et utall av mail tilsendt, med mange ulike tilbud. Det er ofte i slike situasjoner, at en kredittkortsvindel kan begynne. I dag har disse svindlerne blitt flinkere til \u00e5 finne metoder for \u00e5 lure folk. Der er det viktig at man aldri gir ut informasjon om kredittkortet eller seg selv.<\/span><\/li>\n<\/ul>\n<p><img loading=\"lazy\" decoding=\"async\" class=\"alignnone size-large wp-image-44\" src=\"http:\/\/www.utsnitt.no\/wp-content\/uploads\/2016\/04\/556ddbc87bd10-1024x331.jpg\" alt=\"556ddbc87bd10\" width=\"700\" height=\"226\" srcset=\"https:\/\/www.utsnitt.no\/wp-content\/uploads\/2016\/04\/556ddbc87bd10-1024x331.jpg 1024w, https:\/\/www.utsnitt.no\/wp-content\/uploads\/2016\/04\/556ddbc87bd10-300x97.jpg 300w, https:\/\/www.utsnitt.no\/wp-content\/uploads\/2016\/04\/556ddbc87bd10-768x248.jpg 768w, https:\/\/www.utsnitt.no\/wp-content\/uploads\/2016\/04\/556ddbc87bd10.jpg 1400w\" sizes=\"auto, (max-width: 700px) 100vw, 700px\" \/><\/p>\n<ul>\n<li style=\"font-weight: 400;\"><span style=\"font-weight: 400;\">N\u00e5r du bruker kortet p\u00e5 internett, b\u00f8r en sikre seg at nettsiden har en sikker kobling. Nettsider, som begynner med https:\/\/ har gjerne dette. At stedet f.eks. ogs\u00e5 bruker Verified by Visa, er ogs\u00e5 et sikkerhetstegn. Ellers gjelder det, s\u00e5 langt det er mulig, \u00e5 bare bruke kortet p\u00e5 nettsteder en er kjent og fortrolig med. Skal du handle p\u00e5 en ukjent nettside, s\u00e5 kan en finne god informasjon om stedet ved et kjapt s\u00f8k p\u00e5 Google.<\/span><\/li>\n<li style=\"font-weight: 400;\"><span style=\"font-weight: 400;\">Sjekk fakturaen din n\u00f8ye, n\u00e5r du mottar denne fra kredittkortselskapet. Om det st\u00e5r oppf\u00f8rt ukjente bel\u00f8p, kan dette v\u00e6re et tegn p\u00e5 at noen har f\u00e5tt tak i kortinformasjonen din. \u00a0Har du tilgang til dine kontoopplysninger p\u00e5 nett, kan det v\u00e6re lurt \u00e5 sjekke med jevne mellomrom, om det plutselig skulle dukke opp uventede transaksjoner. Skjer dette, m\u00e5 du melde fra umiddelbart og f\u00e5 sperret kortet.<\/span><\/li>\n<li style=\"font-weight: 400;\"><span style=\"font-weight: 400;\">N\u00e5r du er ute p\u00e5 restaurant, cafe eller bar, er det enkelt for utro tjenere, \u00e5 kopiere kortinformasjonen din. Derfor, legg aldri igjen kortet ditt i baren. Det er lettvint, men kan ogs\u00e5 fort bli veldig dyrt. \u00a0P\u00e5 cafe eller restaurant, har de fleste i dag mobile kortterminaler og da er det ikke noe problem. Men om servit\u00f8ren m\u00e5 ta kortet med ut bak for \u00e5 belaste kortet ditt, l\u00f8nner det seg \u00e5 f\u00f8lge litt med. Ikke b\u00f8r det ta veldig lang tid, og skulle det plutselig dukke opp uventede transaksjoner p\u00e5 kortet, har du en id\u00e9 om hvor kortinformasjonen kan ha blitt kopiert.<\/span><\/li>\n<li style=\"font-weight: 400;\"><span style=\"font-weight: 400;\">Alle dokumenter med kortnummer, personopplysninger og annet, b\u00f8r makuleres n\u00e5r du ikke trenger dem lenger. Dette er informasjon som kan brukes av svindlere og det er gjerne slike ting som tyver ser etter, om du har uflaks og noen bryter inn i huset eller leiligheten din.<\/span><\/li>\n<li style=\"font-weight: 400;\"><span style=\"font-weight: 400;\">Sist, men ikke minst, s\u00f8rg for at kortet ditt er oppbevart p\u00e5 et trygt sted, spesielt n\u00e5r en er ute blant mye folk. Oppbevar gjerne kortet andre steder enn i lommeboken. Har man flere kort, s\u00e5 ikke ha disse med p\u00e5 samme tid og i alle tilfeller, ikke legg dem p\u00e5 samme sted.<\/span><\/li>\n<\/ul>\n<p>&nbsp;<\/p>\n","protected":false},"excerpt":{"rendered":"<p>Det er mange i dag som nyter godt av \u00e5 ha et eller kanskje flere kredittkort. Dette gj\u00f8r ting litt enklere, n\u00e5r en skal handle i en nettbutikk eller er p\u00e5 ferie i utlandet. Det er mange fordeler med \u00e5 ha et kredittkort. Men det er dessverre ogs\u00e5 noen ulemper. Utover ulempen med \u00e5 m\u00e5tte &#8230; <span class=\"more\"><a class=\"more-link\" href=\"https:\/\/www.utsnitt.no\/?page_id=42\">[Read more&#8230;]<\/a><\/span><\/p>\n","protected":false},"author":2,"featured_media":43,"parent":0,"menu_order":0,"comment_status":"closed","ping_status":"closed","template":"","meta":{"footnotes":""},"class_list":{"0":"entry","1":"page","2":"publish","3":"author-marie","4":"post-42","6":"has-post-thumbnail"},"yoast_head":"<!-- This site is optimized with the Yoast SEO plugin v27.4 - https:\/\/yoast.com\/product\/yoast-seo-wordpress\/ -->\n<title>Unng\u00e5 kredittkortsvindel - Utsnitt.no<\/title>\n<meta name=\"robots\" content=\"index, follow, max-snippet:-1, max-image-preview:large, max-video-preview:-1\" \/>\n<link rel=\"canonical\" href=\"https:\/\/www.utsnitt.no\/?page_id=42\" \/>\n<meta property=\"og:locale\" content=\"en_US\" \/>\n<meta property=\"og:type\" content=\"article\" \/>\n<meta property=\"og:title\" content=\"Unng\u00e5 kredittkortsvindel - Utsnitt.no\" \/>\n<meta property=\"og:description\" content=\"Det er mange i dag som nyter godt av \u00e5 ha et eller kanskje flere kredittkort. Dette gj\u00f8r ting litt enklere, n\u00e5r en skal handle i en nettbutikk eller er p\u00e5 ferie i utlandet. Det er mange fordeler med \u00e5 ha et kredittkort. Men det er dessverre ogs\u00e5 noen ulemper. Utover ulempen med \u00e5 m\u00e5tte ... [Read more...]\" \/>\n<meta property=\"og:url\" content=\"https:\/\/www.utsnitt.no\/?page_id=42\" \/>\n<meta property=\"og:site_name\" content=\"Utsnitt.no\" \/>\n<meta property=\"article:modified_time\" content=\"2016-04-13T21:34:24+00:00\" \/>\n<meta property=\"og:image\" content=\"https:\/\/www.utsnitt.no\/wp-content\/uploads\/2016\/04\/kreditkarte-diebstahl-online-reisebuero.jpg\" \/>\n\t<meta property=\"og:image:width\" content=\"1400\" \/>\n\t<meta property=\"og:image:height\" content=\"742\" \/>\n\t<meta property=\"og:image:type\" content=\"image\/jpeg\" \/>\n<meta name=\"twitter:card\" content=\"summary_large_image\" \/>\n<meta name=\"twitter:label1\" content=\"Est. reading time\" \/>\n\t<meta name=\"twitter:data1\" content=\"3 minutes\" \/>\n<script type=\"application\/ld+json\" class=\"yoast-schema-graph\">{\"@context\":\"https:\\\/\\\/schema.org\",\"@graph\":[{\"@type\":\"WebPage\",\"@id\":\"https:\\\/\\\/www.utsnitt.no\\\/?page_id=42\",\"url\":\"https:\\\/\\\/www.utsnitt.no\\\/?page_id=42\",\"name\":\"Unng\u00e5 kredittkortsvindel - Utsnitt.no\",\"isPartOf\":{\"@id\":\"https:\\\/\\\/www.utsnitt.no\\\/#website\"},\"primaryImageOfPage\":{\"@id\":\"https:\\\/\\\/www.utsnitt.no\\\/?page_id=42#primaryimage\"},\"image\":{\"@id\":\"https:\\\/\\\/www.utsnitt.no\\\/?page_id=42#primaryimage\"},\"thumbnailUrl\":\"https:\\\/\\\/www.utsnitt.no\\\/wp-content\\\/uploads\\\/2016\\\/04\\\/kreditkarte-diebstahl-online-reisebuero.jpg\",\"datePublished\":\"2016-04-13T21:32:32+00:00\",\"dateModified\":\"2016-04-13T21:34:24+00:00\",\"breadcrumb\":{\"@id\":\"https:\\\/\\\/www.utsnitt.no\\\/?page_id=42#breadcrumb\"},\"inLanguage\":\"en-US\",\"potentialAction\":[{\"@type\":\"ReadAction\",\"target\":[\"https:\\\/\\\/www.utsnitt.no\\\/?page_id=42\"]}]},{\"@type\":\"ImageObject\",\"inLanguage\":\"en-US\",\"@id\":\"https:\\\/\\\/www.utsnitt.no\\\/?page_id=42#primaryimage\",\"url\":\"https:\\\/\\\/www.utsnitt.no\\\/wp-content\\\/uploads\\\/2016\\\/04\\\/kreditkarte-diebstahl-online-reisebuero.jpg\",\"contentUrl\":\"https:\\\/\\\/www.utsnitt.no\\\/wp-content\\\/uploads\\\/2016\\\/04\\\/kreditkarte-diebstahl-online-reisebuero.jpg\",\"width\":1400,\"height\":742,\"caption\":\"Tastatur und Kreditkarte [ (c) www.BilderBox.com, Erwin Wodicka, Siedlerzeile 3, A-4062 Thening, Tel. + 43 676 5103678.Verwendung nur gegen HONORAR, BELEG,URHEBERVERMERK und den AGBs auf bilderbox.com](in an im auf aus als and beim mit einer einem eines * &amp; der die das . ), ADSL, Bueromanagement, B\u00fcromanagement, Business, Computer, Computertastatur, Computertastaturen, Computertaste, Computertasten, Computertechnik, Computerzeitalter, Daten, Datenkommunikation, Datennetz, Datenverarbeitung, Dinge, e commerce, e-commerce, e-mail, EDV, Eingabegeraet, Eingabegeraete, Eingabeger\u00e4t, Eingabeger\u00e4te, Einkauf, Elektronik, Gegenstand, Gegenst\u00e4nde, Homebanking, Information, Informationstechnik, Internetanschluss, Internetanschlu\u00df, Internetshopping, ISDN, IT, key board, Key-Board, Keyboard, mailing, Online, Online-banking, Onlinebanking, Organisation, organisieren, organisiert, PC, PCs, Personal Computer, Rechner, Server, Shop, shoppen, telebanking, www, 24 stunden, 24-Stunden, 24Stunden, ASDL, bestellen, Bestellung, bezahlen, Breitband, Breitbandanschluss, Breitbandanschlu\u00df, Chat, chaten, Datenautobahn, Datenhighway, Datenmissbrauch, Datenmi\u00dfbrauch, Datenschutz, Datensicherheit, Datensicherung, e banking, e business, e shop, e shopping, e-business, e-shop, e-shopping, ebusiness, Einkaeufe, Eink\u00e4ufe, einkaufen, eshop, eshopping, Eu, europaweit, Garantie, global, Globalisierung, home-banking, Homepage, Homepages, immer, Infohighway, Informationen, Informationenhighway, Informationshighway, Internet, Internet Portal, Internet Shoppen, Internet Shopping, Internet Zugang, internet-banking, Internet-Einkauf, Internet-Portal, Internet-Shoppen, Internet-Shopping, Internet-Zugang, internetbanking, Internetbusiness, Interneteinkauf, Internethandel, Internetkaeufer, Internetkauf, Internetk\u00e4ufer, Internetportal, Internetseite, Internetseiten, Internetshoppen, Internetsurfen, Internetsurfer, Internettechnolgie, Internettechnologien, Internetverkauf, Internetzugang, Interportal, jederzeit,\"},{\"@type\":\"BreadcrumbList\",\"@id\":\"https:\\\/\\\/www.utsnitt.no\\\/?page_id=42#breadcrumb\",\"itemListElement\":[{\"@type\":\"ListItem\",\"position\":1,\"name\":\"Home\",\"item\":\"https:\\\/\\\/www.utsnitt.no\\\/\"},{\"@type\":\"ListItem\",\"position\":2,\"name\":\"Unng\u00e5 kredittkortsvindel\"}]},{\"@type\":\"WebSite\",\"@id\":\"https:\\\/\\\/www.utsnitt.no\\\/#website\",\"url\":\"https:\\\/\\\/www.utsnitt.no\\\/\",\"name\":\"Utsnitt.no\",\"description\":\"Finans, kredittkort og &oslash;konomi\",\"potentialAction\":[{\"@type\":\"SearchAction\",\"target\":{\"@type\":\"EntryPoint\",\"urlTemplate\":\"https:\\\/\\\/www.utsnitt.no\\\/?s={search_term_string}\"},\"query-input\":{\"@type\":\"PropertyValueSpecification\",\"valueRequired\":true,\"valueName\":\"search_term_string\"}}],\"inLanguage\":\"en-US\"}]}<\/script>\n<!-- \/ Yoast SEO plugin. -->","yoast_head_json":{"title":"Unng\u00e5 kredittkortsvindel - Utsnitt.no","robots":{"index":"index","follow":"follow","max-snippet":"max-snippet:-1","max-image-preview":"max-image-preview:large","max-video-preview":"max-video-preview:-1"},"canonical":"https:\/\/www.utsnitt.no\/?page_id=42","og_locale":"en_US","og_type":"article","og_title":"Unng\u00e5 kredittkortsvindel - Utsnitt.no","og_description":"Det er mange i dag som nyter godt av \u00e5 ha et eller kanskje flere kredittkort. Dette gj\u00f8r ting litt enklere, n\u00e5r en skal handle i en nettbutikk eller er p\u00e5 ferie i utlandet. Det er mange fordeler med \u00e5 ha et kredittkort. Men det er dessverre ogs\u00e5 noen ulemper. Utover ulempen med \u00e5 m\u00e5tte ... [Read more...]","og_url":"https:\/\/www.utsnitt.no\/?page_id=42","og_site_name":"Utsnitt.no","article_modified_time":"2016-04-13T21:34:24+00:00","og_image":[{"width":1400,"height":742,"url":"https:\/\/www.utsnitt.no\/wp-content\/uploads\/2016\/04\/kreditkarte-diebstahl-online-reisebuero.jpg","type":"image\/jpeg"}],"twitter_card":"summary_large_image","twitter_misc":{"Est. reading time":"3 minutes"},"schema":{"@context":"https:\/\/schema.org","@graph":[{"@type":"WebPage","@id":"https:\/\/www.utsnitt.no\/?page_id=42","url":"https:\/\/www.utsnitt.no\/?page_id=42","name":"Unng\u00e5 kredittkortsvindel - Utsnitt.no","isPartOf":{"@id":"https:\/\/www.utsnitt.no\/#website"},"primaryImageOfPage":{"@id":"https:\/\/www.utsnitt.no\/?page_id=42#primaryimage"},"image":{"@id":"https:\/\/www.utsnitt.no\/?page_id=42#primaryimage"},"thumbnailUrl":"https:\/\/www.utsnitt.no\/wp-content\/uploads\/2016\/04\/kreditkarte-diebstahl-online-reisebuero.jpg","datePublished":"2016-04-13T21:32:32+00:00","dateModified":"2016-04-13T21:34:24+00:00","breadcrumb":{"@id":"https:\/\/www.utsnitt.no\/?page_id=42#breadcrumb"},"inLanguage":"en-US","potentialAction":[{"@type":"ReadAction","target":["https:\/\/www.utsnitt.no\/?page_id=42"]}]},{"@type":"ImageObject","inLanguage":"en-US","@id":"https:\/\/www.utsnitt.no\/?page_id=42#primaryimage","url":"https:\/\/www.utsnitt.no\/wp-content\/uploads\/2016\/04\/kreditkarte-diebstahl-online-reisebuero.jpg","contentUrl":"https:\/\/www.utsnitt.no\/wp-content\/uploads\/2016\/04\/kreditkarte-diebstahl-online-reisebuero.jpg","width":1400,"height":742,"caption":"Tastatur und Kreditkarte [ (c) www.BilderBox.com, Erwin Wodicka, Siedlerzeile 3, A-4062 Thening, Tel. + 43 676 5103678.Verwendung nur gegen HONORAR, BELEG,URHEBERVERMERK und den AGBs auf bilderbox.com](in an im auf aus als and beim mit einer einem eines * &amp; der die das . ), ADSL, Bueromanagement, B\u00fcromanagement, Business, Computer, Computertastatur, Computertastaturen, Computertaste, Computertasten, Computertechnik, Computerzeitalter, Daten, Datenkommunikation, Datennetz, Datenverarbeitung, Dinge, e commerce, e-commerce, e-mail, EDV, Eingabegeraet, Eingabegeraete, Eingabeger\u00e4t, Eingabeger\u00e4te, Einkauf, Elektronik, Gegenstand, Gegenst\u00e4nde, Homebanking, Information, Informationstechnik, Internetanschluss, Internetanschlu\u00df, Internetshopping, ISDN, IT, key board, Key-Board, Keyboard, mailing, Online, Online-banking, Onlinebanking, Organisation, organisieren, organisiert, PC, PCs, Personal Computer, Rechner, Server, Shop, shoppen, telebanking, www, 24 stunden, 24-Stunden, 24Stunden, ASDL, bestellen, Bestellung, bezahlen, Breitband, Breitbandanschluss, Breitbandanschlu\u00df, Chat, chaten, Datenautobahn, Datenhighway, Datenmissbrauch, Datenmi\u00dfbrauch, Datenschutz, Datensicherheit, Datensicherung, e banking, e business, e shop, e shopping, e-business, e-shop, e-shopping, ebusiness, Einkaeufe, Eink\u00e4ufe, einkaufen, eshop, eshopping, Eu, europaweit, Garantie, global, Globalisierung, home-banking, Homepage, Homepages, immer, Infohighway, Informationen, Informationenhighway, Informationshighway, Internet, Internet Portal, Internet Shoppen, Internet Shopping, Internet Zugang, internet-banking, Internet-Einkauf, Internet-Portal, Internet-Shoppen, Internet-Shopping, Internet-Zugang, internetbanking, Internetbusiness, Interneteinkauf, Internethandel, Internetkaeufer, Internetkauf, Internetk\u00e4ufer, Internetportal, Internetseite, Internetseiten, Internetshoppen, Internetsurfen, Internetsurfer, Internettechnolgie, Internettechnologien, Internetverkauf, Internetzugang, Interportal, jederzeit,"},{"@type":"BreadcrumbList","@id":"https:\/\/www.utsnitt.no\/?page_id=42#breadcrumb","itemListElement":[{"@type":"ListItem","position":1,"name":"Home","item":"https:\/\/www.utsnitt.no\/"},{"@type":"ListItem","position":2,"name":"Unng\u00e5 kredittkortsvindel"}]},{"@type":"WebSite","@id":"https:\/\/www.utsnitt.no\/#website","url":"https:\/\/www.utsnitt.no\/","name":"Utsnitt.no","description":"Finans, kredittkort og &oslash;konomi","potentialAction":[{"@type":"SearchAction","target":{"@type":"EntryPoint","urlTemplate":"https:\/\/www.utsnitt.no\/?s={search_term_string}"},"query-input":{"@type":"PropertyValueSpecification","valueRequired":true,"valueName":"search_term_string"}}],"inLanguage":"en-US"}]}},"_links":{"self":[{"href":"https:\/\/www.utsnitt.no\/index.php?rest_route=\/wp\/v2\/pages\/42","targetHints":{"allow":["GET"]}}],"collection":[{"href":"https:\/\/www.utsnitt.no\/index.php?rest_route=\/wp\/v2\/pages"}],"about":[{"href":"https:\/\/www.utsnitt.no\/index.php?rest_route=\/wp\/v2\/types\/page"}],"author":[{"embeddable":true,"href":"https:\/\/www.utsnitt.no\/index.php?rest_route=\/wp\/v2\/users\/2"}],"replies":[{"embeddable":true,"href":"https:\/\/www.utsnitt.no\/index.php?rest_route=%2Fwp%2Fv2%2Fcomments&post=42"}],"version-history":[{"count":4,"href":"https:\/\/www.utsnitt.no\/index.php?rest_route=\/wp\/v2\/pages\/42\/revisions"}],"predecessor-version":[{"id":48,"href":"https:\/\/www.utsnitt.no\/index.php?rest_route=\/wp\/v2\/pages\/42\/revisions\/48"}],"wp:featuredmedia":[{"embeddable":true,"href":"https:\/\/www.utsnitt.no\/index.php?rest_route=\/wp\/v2\/media\/43"}],"wp:attachment":[{"href":"https:\/\/www.utsnitt.no\/index.php?rest_route=%2Fwp%2Fv2%2Fmedia&parent=42"}],"curies":[{"name":"wp","href":"https:\/\/api.w.org\/{rel}","templated":true}]}}