{"id":50,"date":"2016-04-13T21:40:06","date_gmt":"2016-04-13T21:40:06","guid":{"rendered":"http:\/\/www.utsnitt.no\/?page_id=50"},"modified":"2016-04-13T21:40:06","modified_gmt":"2016-04-13T21:40:06","slug":"spar-penger-pa-bytte-ut-lyspaerene","status":"publish","type":"page","link":"https:\/\/www.utsnitt.no\/?page_id=50","title":{"rendered":"Spar penger p\u00e5 \u00e5 bytte ut lysp\u00e6rene"},"content":{"rendered":"<p><span style=\"font-weight: 400;\">Sammen med oppvarming s\u00e5 er belysning en av de store slukhalsene n\u00e5r det kommer til energiforbruk. Spesielt i eneboliger med mange rom, og ekstra spesielt dersom man er d\u00e5rlig til \u00e5 skru av lysene i rom man ikke oppholder seg i \u2013 eller bare liker \u00e5 ha det veldig lyst i hjemmet. Ved \u00e5 bytte lysp\u00e6rene til moderne og energieffektive LED-p\u00e6rer kan du spare ganske mange tusenlapper \u00e5rlig \u2013 tro det eller ei.<\/span><\/p>\n<h2><span style=\"font-weight: 400;\">Det tar slutt for gl\u00f8dep\u00e6rene<\/span><\/h2>\n<p><span style=\"font-weight: 400;\"><img loading=\"lazy\" decoding=\"async\" class=\"alignright size-medium wp-image-52\" src=\"http:\/\/www.utsnitt.no\/wp-content\/uploads\/2016\/04\/gluehlampe_kaputt-300x194.jpg\" alt=\"gluehlampe_kaputt\" width=\"300\" height=\"194\" srcset=\"https:\/\/www.utsnitt.no\/wp-content\/uploads\/2016\/04\/gluehlampe_kaputt-300x194.jpg 300w, https:\/\/www.utsnitt.no\/wp-content\/uploads\/2016\/04\/gluehlampe_kaputt-768x497.jpg 768w, https:\/\/www.utsnitt.no\/wp-content\/uploads\/2016\/04\/gluehlampe_kaputt-1024x663.jpg 1024w, https:\/\/www.utsnitt.no\/wp-content\/uploads\/2016\/04\/gluehlampe_kaputt.jpg 1391w\" sizes=\"auto, (max-width: 300px) 100vw, 300px\" \/>De siste \u00e5rene har det v\u00e6rt stadig mer fokus p\u00e5 energieffektive lysp\u00e6rer i EU-land. I 2009 ble den tradisjonelle lysp\u00e6ren faset ut og forbudt. I 2012 var alle former for gl\u00f8dep\u00e6rer forbudt, og i l\u00f8pet av 2016 ser det ut som det er slutt for halogenp\u00e6rene. Disse er brukt i mange downlightssystemer i norske hjem, og kan skape utfordringer for deg som blir n\u00f8dt til \u00e5 bytte ut hele systemer. Men fremtiden ligger i energieffektive sparep\u00e6rer og LED-p\u00e6rer, som uansett kan komme til \u00e5 spare deg for ganske mye penger.<\/span><\/p>\n<h2><span style=\"font-weight: 400;\">S\u00e5 mye sparer du med LED-p\u00e6rer<\/span><\/h2>\n<p><span style=\"font-weight: 400;\"><img loading=\"lazy\" decoding=\"async\" class=\"alignleft size-medium wp-image-53\" src=\"http:\/\/www.utsnitt.no\/wp-content\/uploads\/2016\/04\/vJMKqznJoNOdHErGuFL86wQpZRu_8OANkFS7-9jZQQg-300x169.jpg\" alt=\"vJMKqznJoNOdHErGuFL86wQpZRu_8OANkFS7--9jZQQg\" width=\"300\" height=\"169\" srcset=\"https:\/\/www.utsnitt.no\/wp-content\/uploads\/2016\/04\/vJMKqznJoNOdHErGuFL86wQpZRu_8OANkFS7-9jZQQg-300x169.jpg 300w, https:\/\/www.utsnitt.no\/wp-content\/uploads\/2016\/04\/vJMKqznJoNOdHErGuFL86wQpZRu_8OANkFS7-9jZQQg-768x432.jpg 768w, https:\/\/www.utsnitt.no\/wp-content\/uploads\/2016\/04\/vJMKqznJoNOdHErGuFL86wQpZRu_8OANkFS7-9jZQQg-1024x576.jpg 1024w, https:\/\/www.utsnitt.no\/wp-content\/uploads\/2016\/04\/vJMKqznJoNOdHErGuFL86wQpZRu_8OANkFS7-9jZQQg.jpg 1200w\" sizes=\"auto, (max-width: 300px) 100vw, 300px\" \/>For \u00e5 ta et konkret eksempel p\u00e5 hvor mye du faktisk kan spare p\u00e5 \u00e5 bytte til LED-p\u00e6rer, skal vi innom familien Carlsen som ble <\/span><a href=\"http:\/\/www.dinside.no\/927920\/byttet-til-led-sparer-tusenlapper-i-aaret\"><span style=\"font-weight: 400;\">intervjuet av DinSide i 2014<\/span><\/a><span style=\"font-weight: 400;\">. De bor i en enebolig der stort sett alle lyspunktene i hjemmet hadde vanlige lysp\u00e6rer som brukte 50 watt. De byttet ut 24 av lyspunktene med moderne LED-p\u00e6rer som kun bruker 6 watt \u2013 alts\u00e5 en betraktelig forskjell. I tillegg er levetiden p\u00e5 LED-p\u00e6rer langt lengre, s\u00e5 det er ikke bare str\u00f8mforbruket du sparer p\u00e5, men ogs\u00e5 selve innkj\u00f8pet av lysp\u00e6rene.<\/span><\/p>\n<p><span style=\"font-weight: 400;\">Familien hadde p\u00e5 det tidspunktet spart rundt 2300 kroner\/\u00e5rlig i str\u00f8mutgifter. Planene var ogs\u00e5 \u00e5 bytte ut alle lyspunktene i huset (rundt 90 stykker) som ville f\u00f8rt til en besparelse p\u00e5 8000 kroner \u00e5rlig. Det er alts\u00e5 ekstremt mye penger, og over en periode p\u00e5 noen f\u00e5 \u00e5r kan dette utgj\u00f8re ganske mange kroner. Selv om LED-p\u00e6rer og systemer i seg selv er dyrere, s\u00e5 sparer man raskt inn dette.<\/span><\/p>\n<h2><span style=\"font-weight: 400;\">Regnestykket<\/span><\/h2>\n<p><span style=\"font-weight: 400;\">Om du ikke skj\u00f8nner hvordan man sparer s\u00e5pass mye penger, s\u00e5 er regnestykket enkelt. Man sparer 44W per p\u00e6re, og man kan gange dette med antallet p\u00e6rer man bytter ut. Tallet man f\u00e5r da ganger man med antallet timer (estimert) p\u00e6rene er tent, og ganger dette med 365 dager. Da sitter man igjen med kWh \u2013 antall kilowatt-timer. Sjekk prisen hos din kraftleverand\u00f8r, og finn enkelt ut hvor mye du sparer p\u00e5 \u00e5 bytte ut lysp\u00e6rene!<\/span><\/p>\n","protected":false},"excerpt":{"rendered":"<p>Sammen med oppvarming s\u00e5 er belysning en av de store slukhalsene n\u00e5r det kommer til energiforbruk. Spesielt i eneboliger med mange rom, og ekstra spesielt dersom man er d\u00e5rlig til \u00e5 skru av lysene i rom man ikke oppholder seg i \u2013 eller bare liker \u00e5 ha det veldig lyst i hjemmet. Ved \u00e5 bytte &#8230; <span class=\"more\"><a class=\"more-link\" href=\"https:\/\/www.utsnitt.no\/?page_id=50\">[Read more&#8230;]<\/a><\/span><\/p>\n","protected":false},"author":2,"featured_media":51,"parent":0,"menu_order":0,"comment_status":"closed","ping_status":"closed","template":"","meta":{"footnotes":""},"class_list":{"0":"entry","1":"page","2":"publish","3":"author-marie","4":"post-50","6":"has-post-thumbnail"},"yoast_head":"<!-- This site is optimized with the Yoast SEO plugin v27.4 - https:\/\/yoast.com\/product\/yoast-seo-wordpress\/ -->\n<title>Spar penger p\u00e5 \u00e5 bytte ut lysp\u00e6rene - Utsnitt.no<\/title>\n<meta name=\"robots\" content=\"index, follow, max-snippet:-1, max-image-preview:large, max-video-preview:-1\" \/>\n<link rel=\"canonical\" href=\"https:\/\/www.utsnitt.no\/?page_id=50\" \/>\n<meta property=\"og:locale\" content=\"en_US\" \/>\n<meta property=\"og:type\" content=\"article\" \/>\n<meta property=\"og:title\" content=\"Spar penger p\u00e5 \u00e5 bytte ut lysp\u00e6rene - Utsnitt.no\" \/>\n<meta property=\"og:description\" content=\"Sammen med oppvarming s\u00e5 er belysning en av de store slukhalsene n\u00e5r det kommer til energiforbruk. Spesielt i eneboliger med mange rom, og ekstra spesielt dersom man er d\u00e5rlig til \u00e5 skru av lysene i rom man ikke oppholder seg i \u2013 eller bare liker \u00e5 ha det veldig lyst i hjemmet. Ved \u00e5 bytte ... [Read more...]\" \/>\n<meta property=\"og:url\" content=\"https:\/\/www.utsnitt.no\/?page_id=50\" \/>\n<meta property=\"og:site_name\" content=\"Utsnitt.no\" \/>\n<meta property=\"og:image\" content=\"https:\/\/www.utsnitt.no\/wp-content\/uploads\/2016\/04\/licht_neu_led1.jpg\" \/>\n\t<meta property=\"og:image:width\" content=\"2000\" \/>\n\t<meta property=\"og:image:height\" content=\"770\" \/>\n\t<meta property=\"og:image:type\" content=\"image\/jpeg\" \/>\n<meta name=\"twitter:card\" content=\"summary_large_image\" \/>\n<meta name=\"twitter:label1\" content=\"Est. reading time\" \/>\n\t<meta name=\"twitter:data1\" content=\"2 minutes\" \/>\n<script type=\"application\/ld+json\" class=\"yoast-schema-graph\">{\"@context\":\"https:\\\/\\\/schema.org\",\"@graph\":[{\"@type\":\"WebPage\",\"@id\":\"https:\\\/\\\/www.utsnitt.no\\\/?page_id=50\",\"url\":\"https:\\\/\\\/www.utsnitt.no\\\/?page_id=50\",\"name\":\"Spar penger p\u00e5 \u00e5 bytte ut lysp\u00e6rene - Utsnitt.no\",\"isPartOf\":{\"@id\":\"https:\\\/\\\/www.utsnitt.no\\\/#website\"},\"primaryImageOfPage\":{\"@id\":\"https:\\\/\\\/www.utsnitt.no\\\/?page_id=50#primaryimage\"},\"image\":{\"@id\":\"https:\\\/\\\/www.utsnitt.no\\\/?page_id=50#primaryimage\"},\"thumbnailUrl\":\"https:\\\/\\\/www.utsnitt.no\\\/wp-content\\\/uploads\\\/2016\\\/04\\\/licht_neu_led1.jpg\",\"datePublished\":\"2016-04-13T21:40:06+00:00\",\"breadcrumb\":{\"@id\":\"https:\\\/\\\/www.utsnitt.no\\\/?page_id=50#breadcrumb\"},\"inLanguage\":\"en-US\",\"potentialAction\":[{\"@type\":\"ReadAction\",\"target\":[\"https:\\\/\\\/www.utsnitt.no\\\/?page_id=50\"]}]},{\"@type\":\"ImageObject\",\"inLanguage\":\"en-US\",\"@id\":\"https:\\\/\\\/www.utsnitt.no\\\/?page_id=50#primaryimage\",\"url\":\"https:\\\/\\\/www.utsnitt.no\\\/wp-content\\\/uploads\\\/2016\\\/04\\\/licht_neu_led1.jpg\",\"contentUrl\":\"https:\\\/\\\/www.utsnitt.no\\\/wp-content\\\/uploads\\\/2016\\\/04\\\/licht_neu_led1.jpg\",\"width\":2000,\"height\":770},{\"@type\":\"BreadcrumbList\",\"@id\":\"https:\\\/\\\/www.utsnitt.no\\\/?page_id=50#breadcrumb\",\"itemListElement\":[{\"@type\":\"ListItem\",\"position\":1,\"name\":\"Home\",\"item\":\"https:\\\/\\\/www.utsnitt.no\\\/\"},{\"@type\":\"ListItem\",\"position\":2,\"name\":\"Spar penger p\u00e5 \u00e5 bytte ut lysp\u00e6rene\"}]},{\"@type\":\"WebSite\",\"@id\":\"https:\\\/\\\/www.utsnitt.no\\\/#website\",\"url\":\"https:\\\/\\\/www.utsnitt.no\\\/\",\"name\":\"Utsnitt.no\",\"description\":\"Finans, kredittkort og &oslash;konomi\",\"potentialAction\":[{\"@type\":\"SearchAction\",\"target\":{\"@type\":\"EntryPoint\",\"urlTemplate\":\"https:\\\/\\\/www.utsnitt.no\\\/?s={search_term_string}\"},\"query-input\":{\"@type\":\"PropertyValueSpecification\",\"valueRequired\":true,\"valueName\":\"search_term_string\"}}],\"inLanguage\":\"en-US\"}]}<\/script>\n<!-- \/ Yoast SEO plugin. -->","yoast_head_json":{"title":"Spar penger p\u00e5 \u00e5 bytte ut lysp\u00e6rene - Utsnitt.no","robots":{"index":"index","follow":"follow","max-snippet":"max-snippet:-1","max-image-preview":"max-image-preview:large","max-video-preview":"max-video-preview:-1"},"canonical":"https:\/\/www.utsnitt.no\/?page_id=50","og_locale":"en_US","og_type":"article","og_title":"Spar penger p\u00e5 \u00e5 bytte ut lysp\u00e6rene - Utsnitt.no","og_description":"Sammen med oppvarming s\u00e5 er belysning en av de store slukhalsene n\u00e5r det kommer til energiforbruk. Spesielt i eneboliger med mange rom, og ekstra spesielt dersom man er d\u00e5rlig til \u00e5 skru av lysene i rom man ikke oppholder seg i \u2013 eller bare liker \u00e5 ha det veldig lyst i hjemmet. Ved \u00e5 bytte ... [Read more...]","og_url":"https:\/\/www.utsnitt.no\/?page_id=50","og_site_name":"Utsnitt.no","og_image":[{"width":2000,"height":770,"url":"https:\/\/www.utsnitt.no\/wp-content\/uploads\/2016\/04\/licht_neu_led1.jpg","type":"image\/jpeg"}],"twitter_card":"summary_large_image","twitter_misc":{"Est. reading time":"2 minutes"},"schema":{"@context":"https:\/\/schema.org","@graph":[{"@type":"WebPage","@id":"https:\/\/www.utsnitt.no\/?page_id=50","url":"https:\/\/www.utsnitt.no\/?page_id=50","name":"Spar penger p\u00e5 \u00e5 bytte ut lysp\u00e6rene - Utsnitt.no","isPartOf":{"@id":"https:\/\/www.utsnitt.no\/#website"},"primaryImageOfPage":{"@id":"https:\/\/www.utsnitt.no\/?page_id=50#primaryimage"},"image":{"@id":"https:\/\/www.utsnitt.no\/?page_id=50#primaryimage"},"thumbnailUrl":"https:\/\/www.utsnitt.no\/wp-content\/uploads\/2016\/04\/licht_neu_led1.jpg","datePublished":"2016-04-13T21:40:06+00:00","breadcrumb":{"@id":"https:\/\/www.utsnitt.no\/?page_id=50#breadcrumb"},"inLanguage":"en-US","potentialAction":[{"@type":"ReadAction","target":["https:\/\/www.utsnitt.no\/?page_id=50"]}]},{"@type":"ImageObject","inLanguage":"en-US","@id":"https:\/\/www.utsnitt.no\/?page_id=50#primaryimage","url":"https:\/\/www.utsnitt.no\/wp-content\/uploads\/2016\/04\/licht_neu_led1.jpg","contentUrl":"https:\/\/www.utsnitt.no\/wp-content\/uploads\/2016\/04\/licht_neu_led1.jpg","width":2000,"height":770},{"@type":"BreadcrumbList","@id":"https:\/\/www.utsnitt.no\/?page_id=50#breadcrumb","itemListElement":[{"@type":"ListItem","position":1,"name":"Home","item":"https:\/\/www.utsnitt.no\/"},{"@type":"ListItem","position":2,"name":"Spar penger p\u00e5 \u00e5 bytte ut lysp\u00e6rene"}]},{"@type":"WebSite","@id":"https:\/\/www.utsnitt.no\/#website","url":"https:\/\/www.utsnitt.no\/","name":"Utsnitt.no","description":"Finans, kredittkort og &oslash;konomi","potentialAction":[{"@type":"SearchAction","target":{"@type":"EntryPoint","urlTemplate":"https:\/\/www.utsnitt.no\/?s={search_term_string}"},"query-input":{"@type":"PropertyValueSpecification","valueRequired":true,"valueName":"search_term_string"}}],"inLanguage":"en-US"}]}},"_links":{"self":[{"href":"https:\/\/www.utsnitt.no\/index.php?rest_route=\/wp\/v2\/pages\/50","targetHints":{"allow":["GET"]}}],"collection":[{"href":"https:\/\/www.utsnitt.no\/index.php?rest_route=\/wp\/v2\/pages"}],"about":[{"href":"https:\/\/www.utsnitt.no\/index.php?rest_route=\/wp\/v2\/types\/page"}],"author":[{"embeddable":true,"href":"https:\/\/www.utsnitt.no\/index.php?rest_route=\/wp\/v2\/users\/2"}],"replies":[{"embeddable":true,"href":"https:\/\/www.utsnitt.no\/index.php?rest_route=%2Fwp%2Fv2%2Fcomments&post=50"}],"version-history":[{"count":2,"href":"https:\/\/www.utsnitt.no\/index.php?rest_route=\/wp\/v2\/pages\/50\/revisions"}],"predecessor-version":[{"id":55,"href":"https:\/\/www.utsnitt.no\/index.php?rest_route=\/wp\/v2\/pages\/50\/revisions\/55"}],"wp:featuredmedia":[{"embeddable":true,"href":"https:\/\/www.utsnitt.no\/index.php?rest_route=\/wp\/v2\/media\/51"}],"wp:attachment":[{"href":"https:\/\/www.utsnitt.no\/index.php?rest_route=%2Fwp%2Fv2%2Fmedia&parent=50"}],"curies":[{"name":"wp","href":"https:\/\/api.w.org\/{rel}","templated":true}]}}